{"id":1589,"date":"2024-03-19T15:40:19","date_gmt":"2024-03-19T15:40:19","guid":{"rendered":"https:\/\/financetax.pe\/home\/?page_id=1589"},"modified":"2024-04-08T21:52:39","modified_gmt":"2024-04-08T21:52:39","slug":"servicio-legales","status":"publish","type":"page","link":"https:\/\/financetax.pe\/home\/servicio-legales\/","title":{"rendered":"Servicios Legales"},"content":{"rendered":"\t\t<div data-elementor-type=\"wp-page\" data-elementor-id=\"1589\" class=\"elementor elementor-1589\" data-elementor-post-type=\"page\">\n\t\t\t\t<div class=\"elementor-element elementor-element-47df56a9 e-flex e-con-boxed elementor-invisible e-con e-parent\" data-id=\"47df56a9\" data-element_type=\"container\" data-e-type=\"container\" data-settings=\"{&quot;background_background&quot;:&quot;classic&quot;,&quot;animation&quot;:&quot;fadeIn&quot;}\">\n\t\t\t\t\t<div class=\"e-con-inner\">\n\t\t<div class=\"elementor-element elementor-element-768e5c7f e-con-full e-flex e-con e-child\" data-id=\"768e5c7f\" data-element_type=\"container\" data-e-type=\"container\">\n\t\t\t\t<div class=\"elementor-element elementor-element-751b3600 elementor-vertical-align-top elementor-widget elementor-widget-image-box\" data-id=\"751b3600\" data-element_type=\"widget\" data-e-type=\"widget\" data-widget_type=\"image-box.default\">\n\t\t\t\t<div class=\"elementor-widget-container\">\n\t\t\t\t\t<div class=\"elementor-image-box-wrapper\"><div class=\"elementor-image-box-content\"><h2 class=\"elementor-image-box-title\">Nuestros Servicios<\/h2><\/div><\/div>\t\t\t\t<\/div>\n\t\t\t\t<\/div>\n\t\t\t\t<\/div>\n\t\t\t\t\t<\/div>\n\t\t\t\t<\/div>\n\t\t<div class=\"elementor-element elementor-element-20ffd8a5 e-flex e-con-boxed e-con e-parent\" data-id=\"20ffd8a5\" data-element_type=\"container\" data-e-type=\"container\" data-settings=\"{&quot;background_background&quot;:&quot;classic&quot;}\">\n\t\t\t\t\t<div class=\"e-con-inner\">\n\t\t<div class=\"elementor-element elementor-element-75d9ea74 e-con-full e-flex e-con e-child\" data-id=\"75d9ea74\" data-element_type=\"container\" data-e-type=\"container\">\n\t\t\t\t<div class=\"elementor-element elementor-element-4103836d elementor-widget elementor-widget-heading\" data-id=\"4103836d\" data-element_type=\"widget\" data-e-type=\"widget\" data-widget_type=\"heading.default\">\n\t\t\t\t<div class=\"elementor-widget-container\">\n\t\t\t\t\t<h2 class=\"elementor-heading-title elementor-size-default\">Te ayudamos con<\/h2>\t\t\t\t<\/div>\n\t\t\t\t<\/div>\n\t\t<div class=\"elementor-element elementor-element-19736005 e-con-full e-flex e-con e-child\" data-id=\"19736005\" data-element_type=\"container\" data-e-type=\"container\">\n\t\t<div class=\"elementor-element elementor-element-5919fb77 e-con-full e-flex e-con e-child\" data-id=\"5919fb77\" data-element_type=\"container\" data-e-type=\"container\">\n\t\t\t\t<div class=\"elementor-element elementor-element-63407000 elementor-widget elementor-widget-image\" data-id=\"63407000\" data-element_type=\"widget\" data-e-type=\"widget\" data-widget_type=\"image.default\">\n\t\t\t\t<div class=\"elementor-widget-container\">\n\t\t\t\t\t\t\t\t\t\t\t\t\t\t\t<img fetchpriority=\"high\" decoding=\"async\" width=\"1024\" height=\"870\" src=\"https:\/\/financetax.pe\/home\/wp-content\/uploads\/2024\/03\/Imagen-10-1024x870.png\" class=\"attachment-large size-large wp-image-1549\" alt=\"\" srcset=\"https:\/\/financetax.pe\/home\/wp-content\/uploads\/2024\/03\/Imagen-10-1024x870.png 1024w, https:\/\/financetax.pe\/home\/wp-content\/uploads\/2024\/03\/Imagen-10-300x255.png 300w, https:\/\/financetax.pe\/home\/wp-content\/uploads\/2024\/03\/Imagen-10-768x653.png 768w, https:\/\/financetax.pe\/home\/wp-content\/uploads\/2024\/03\/Imagen-10.png 1091w\" sizes=\"(max-width: 1024px) 100vw, 1024px\" \/>\t\t\t\t\t\t\t\t\t\t\t\t\t\t\t<\/div>\n\t\t\t\t<\/div>\n\t\t\t\t<div class=\"elementor-element elementor-element-796c5217 elementor-widget elementor-widget-heading\" data-id=\"796c5217\" data-element_type=\"widget\" data-e-type=\"widget\" data-widget_type=\"heading.default\">\n\t\t\t\t<div class=\"elementor-widget-container\">\n\t\t\t\t\t<h4 class=\"elementor-heading-title elementor-size-default\">Servicios  Legales<\/h4>\t\t\t\t<\/div>\n\t\t\t\t<\/div>\n\t\t\t\t<div class=\"elementor-element elementor-element-332babbb elementor-widget elementor-widget-text-editor\" data-id=\"332babbb\" data-element_type=\"widget\" data-e-type=\"widget\" data-widget_type=\"text-editor.default\">\n\t\t\t\t<div class=\"elementor-widget-container\">\n\t\t\t\t\t\t\t\t\t<ul><li>An\u00e1lisis legal empresarial<\/li><li>Estructuraci\u00f3n legal y acompa\u00f1amiento financiero<\/li><li>Asesor\u00eda contractual<\/li><li>Representaci\u00f3n Legal<\/li><li>Asesor\u00eda comercial y corporativa<\/li><li>Asesor\u00eda sectorial con las entidades administrativas<\/li><li>Asesor\u00eda en propiedad industrial<\/li><li>Asesor\u00eda en contrataciones con el Estado<\/li><\/ul>\t\t\t\t\t\t\t\t<\/div>\n\t\t\t\t<\/div>\n\t\t\t\t<\/div>\n\t\t\t\t<\/div>\n\t\t\t\t<div class=\"elementor-element elementor-element-2a48228b elementor-align-center elementor-widget elementor-widget-button\" data-id=\"2a48228b\" data-element_type=\"widget\" data-e-type=\"widget\" data-widget_type=\"button.default\">\n\t\t\t\t<div class=\"elementor-widget-container\">\n\t\t\t\t\t\t\t\t\t<div class=\"elementor-button-wrapper\">\n\t\t\t\t\t<a class=\"elementor-button elementor-button-link elementor-size-sm\" href=\"#\">\n\t\t\t\t\t\t<span class=\"elementor-button-content-wrapper\">\n\t\t\t\t\t\t<span class=\"elementor-button-icon\">\n\t\t\t\t<svg aria-hidden=\"true\" class=\"e-font-icon-svg e-fas-arrow-right\" viewBox=\"0 0 448 512\" xmlns=\"http:\/\/www.w3.org\/2000\/svg\"><path d=\"M190.5 66.9l22.2-22.2c9.4-9.4 24.6-9.4 33.9 0L441 239c9.4 9.4 9.4 24.6 0 33.9L246.6 467.3c-9.4 9.4-24.6 9.4-33.9 0l-22.2-22.2c-9.5-9.5-9.3-25 .4-34.3L311.4 296H24c-13.3 0-24-10.7-24-24v-32c0-13.3 10.7-24 24-24h287.4L190.9 101.2c-9.8-9.3-10-24.8-.4-34.3z\"><\/path><\/svg>\t\t\t<\/span>\n\t\t\t\t\t\t\t\t\t<span class=\"elementor-button-text\">Cont\u00e1ctanos<\/span>\n\t\t\t\t\t<\/span>\n\t\t\t\t\t<\/a>\n\t\t\t\t<\/div>\n\t\t\t\t\t\t\t\t<\/div>\n\t\t\t\t<\/div>\n\t\t\t\t<\/div>\n\t\t\t\t\t<\/div>\n\t\t\t\t<\/div>\n\t\t\t\t<\/div>\n\t\t","protected":false},"excerpt":{"rendered":"<p>Nuestros Servicios Te ayudamos con Servicios Legales An\u00e1lisis legal empresarial Estructuraci\u00f3n legal y acompa\u00f1amiento financiero Asesor\u00eda contractual Representaci\u00f3n Legal Asesor\u00eda comercial y corporativa Asesor\u00eda sectorial con las entidades administrativas Asesor\u00eda en propiedad industrial Asesor\u00eda en contrataciones con el Estado Cont\u00e1ctanos<\/p>\n","protected":false},"author":2,"featured_media":0,"parent":0,"menu_order":0,"comment_status":"closed","ping_status":"closed","template":"","meta":{"_monsterinsights_skip_tracking":false,"_monsterinsights_sitenote_active":false,"_monsterinsights_sitenote_note":"","_monsterinsights_sitenote_category":0,"site-sidebar-layout":"no-sidebar","site-content-layout":"page-builder","ast-site-content-layout":"full-width-container","site-content-style":"unboxed","site-sidebar-style":"unboxed","ast-global-header-display":"","ast-banner-title-visibility":"","ast-main-header-display":"","ast-hfb-above-header-display":"","ast-hfb-below-header-display":"","ast-hfb-mobile-header-display":"","site-post-title":"disabled","ast-breadcrumbs-content":"","ast-featured-img":"disabled","footer-sml-layout":"","ast-disable-related-posts":"","theme-transparent-header-meta":"","adv-header-id-meta":"","stick-header-meta":"","header-above-stick-meta":"","header-main-stick-meta":"","header-below-stick-meta":"","astra-migrate-meta-layouts":"set","ast-page-background-enabled":"default","ast-page-background-meta":{"desktop":{"background-color":"","background-image":"","background-repeat":"repeat","background-position":"center center","background-size":"auto","background-attachment":"scroll","background-type":"","background-media":"","overlay-type":"","overlay-color":"","overlay-opacity":"","overlay-gradient":""},"tablet":{"background-color":"","background-image":"","background-repeat":"repeat","background-position":"center center","background-size":"auto","background-attachment":"scroll","background-type":"","background-media":"","overlay-type":"","overlay-color":"","overlay-opacity":"","overlay-gradient":""},"mobile":{"background-color":"","background-image":"","background-repeat":"repeat","background-position":"center center","background-size":"auto","background-attachment":"scroll","background-type":"","background-media":"","overlay-type":"","overlay-color":"","overlay-opacity":"","overlay-gradient":""}},"ast-content-background-meta":{"desktop":{"background-color":"var(--ast-global-color-5)","background-image":"","background-repeat":"repeat","background-position":"center center","background-size":"auto","background-attachment":"scroll","background-type":"","background-media":"","overlay-type":"","overlay-color":"","overlay-opacity":"","overlay-gradient":""},"tablet":{"background-color":"var(--ast-global-color-5)","background-image":"","background-repeat":"repeat","background-position":"center center","background-size":"auto","background-attachment":"scroll","background-type":"","background-media":"","overlay-type":"","overlay-color":"","overlay-opacity":"","overlay-gradient":""},"mobile":{"background-color":"var(--ast-global-color-5)","background-image":"","background-repeat":"repeat","background-position":"center center","background-size":"auto","background-attachment":"scroll","background-type":"","background-media":"","overlay-type":"","overlay-color":"","overlay-opacity":"","overlay-gradient":""}},"footnotes":""},"class_list":["post-1589","page","type-page","status-publish","hentry"],"rttpg_featured_image_url":null,"rttpg_author":{"display_name":"Cesar Llanos","author_link":"https:\/\/financetax.pe\/home\/author\/c2301807\/"},"rttpg_comment":0,"rttpg_category":null,"rttpg_excerpt":"Nuestros Servicios Te ayudamos con Servicios Legales An\u00e1lisis legal empresarial Estructuraci\u00f3n legal y acompa\u00f1amiento financiero Asesor\u00eda contractual Representaci\u00f3n Legal Asesor\u00eda comercial y corporativa Asesor\u00eda sectorial con las entidades administrativas Asesor\u00eda en propiedad industrial Asesor\u00eda en contrataciones con el Estado Cont\u00e1ctanos","_links":{"self":[{"href":"https:\/\/financetax.pe\/home\/wp-json\/wp\/v2\/pages\/1589","targetHints":{"allow":["GET"]}}],"collection":[{"href":"https:\/\/financetax.pe\/home\/wp-json\/wp\/v2\/pages"}],"about":[{"href":"https:\/\/financetax.pe\/home\/wp-json\/wp\/v2\/types\/page"}],"author":[{"embeddable":true,"href":"https:\/\/financetax.pe\/home\/wp-json\/wp\/v2\/users\/2"}],"replies":[{"embeddable":true,"href":"https:\/\/financetax.pe\/home\/wp-json\/wp\/v2\/comments?post=1589"}],"version-history":[{"count":12,"href":"https:\/\/financetax.pe\/home\/wp-json\/wp\/v2\/pages\/1589\/revisions"}],"predecessor-version":[{"id":2033,"href":"https:\/\/financetax.pe\/home\/wp-json\/wp\/v2\/pages\/1589\/revisions\/2033"}],"wp:attachment":[{"href":"https:\/\/financetax.pe\/home\/wp-json\/wp\/v2\/media?parent=1589"}],"curies":[{"name":"wp","href":"https:\/\/api.w.org\/{rel}","templated":true}]}}