{"id":246,"date":"2021-04-29T03:36:59","date_gmt":"2021-04-29T03:36:59","guid":{"rendered":"https:\/\/financetax.pe\/home\/services\/"},"modified":"2024-04-08T21:45:57","modified_gmt":"2024-04-08T21:45:57","slug":"servicios","status":"publish","type":"page","link":"https:\/\/financetax.pe\/home\/servicios\/","title":{"rendered":"Servicios"},"content":{"rendered":"\t\t<div data-elementor-type=\"wp-page\" data-elementor-id=\"246\" class=\"elementor elementor-246\" data-elementor-post-type=\"page\">\n\t\t\t\t<div class=\"elementor-element elementor-element-2a7aef3 e-flex e-con-boxed elementor-invisible e-con e-parent\" data-id=\"2a7aef3\" data-element_type=\"container\" data-e-type=\"container\" data-settings=\"{&quot;background_background&quot;:&quot;classic&quot;,&quot;animation&quot;:&quot;fadeIn&quot;}\">\n\t\t\t\t\t<div class=\"e-con-inner\">\n\t\t<div class=\"elementor-element elementor-element-d3b1466 e-con-full e-flex e-con e-child\" data-id=\"d3b1466\" data-element_type=\"container\" data-e-type=\"container\">\n\t\t\t\t<div class=\"elementor-element elementor-element-7a0f9b0 elementor-vertical-align-top elementor-widget elementor-widget-image-box\" data-id=\"7a0f9b0\" data-element_type=\"widget\" data-e-type=\"widget\" data-widget_type=\"image-box.default\">\n\t\t\t\t<div class=\"elementor-widget-container\">\n\t\t\t\t\t<div class=\"elementor-image-box-wrapper\"><div class=\"elementor-image-box-content\"><h2 class=\"elementor-image-box-title\">Nuestros Servicios<\/h2><\/div><\/div>\t\t\t\t<\/div>\n\t\t\t\t<\/div>\n\t\t\t\t<\/div>\n\t\t\t\t\t<\/div>\n\t\t\t\t<\/div>\n\t\t<div class=\"elementor-element elementor-element-bb2ea1b e-flex e-con-boxed e-con e-parent\" data-id=\"bb2ea1b\" data-element_type=\"container\" data-e-type=\"container\" data-settings=\"{&quot;background_background&quot;:&quot;classic&quot;}\">\n\t\t\t\t\t<div class=\"e-con-inner\">\n\t\t<div class=\"elementor-element elementor-element-6169a71 e-con-full e-flex e-con e-child\" data-id=\"6169a71\" data-element_type=\"container\" data-e-type=\"container\">\n\t\t\t\t<div class=\"elementor-element elementor-element-23b3f1f elementor-widget elementor-widget-heading\" data-id=\"23b3f1f\" data-element_type=\"widget\" data-e-type=\"widget\" data-widget_type=\"heading.default\">\n\t\t\t\t<div class=\"elementor-widget-container\">\n\t\t\t\t\t<h2 class=\"elementor-heading-title elementor-size-default\">Te ayudamos con<\/h2>\t\t\t\t<\/div>\n\t\t\t\t<\/div>\n\t\t<div class=\"elementor-element elementor-element-a43bafc e-con-full e-flex e-con e-child\" data-id=\"a43bafc\" data-element_type=\"container\" data-e-type=\"container\">\n\t\t<div class=\"elementor-element elementor-element-e52cdec e-con-full e-flex e-con e-child\" data-id=\"e52cdec\" data-element_type=\"container\" data-e-type=\"container\">\n\t\t\t\t<div class=\"elementor-element elementor-element-964ebfa elementor-widget elementor-widget-image\" data-id=\"964ebfa\" data-element_type=\"widget\" data-e-type=\"widget\" data-widget_type=\"image.default\">\n\t\t\t\t<div class=\"elementor-widget-container\">\n\t\t\t\t\t\t\t\t\t\t\t\t\t\t\t<img fetchpriority=\"high\" decoding=\"async\" width=\"1024\" height=\"857\" src=\"https:\/\/financetax.pe\/home\/wp-content\/uploads\/2024\/03\/Imagen-8-1024x857.png\" class=\"attachment-large size-large wp-image-1542\" alt=\"\" srcset=\"https:\/\/financetax.pe\/home\/wp-content\/uploads\/2024\/03\/Imagen-8-1024x857.png 1024w, https:\/\/financetax.pe\/home\/wp-content\/uploads\/2024\/03\/Imagen-8-300x251.png 300w, https:\/\/financetax.pe\/home\/wp-content\/uploads\/2024\/03\/Imagen-8-768x643.png 768w, https:\/\/financetax.pe\/home\/wp-content\/uploads\/2024\/03\/Imagen-8.png 1110w\" sizes=\"(max-width: 1024px) 100vw, 1024px\" \/>\t\t\t\t\t\t\t\t\t\t\t\t\t\t\t<\/div>\n\t\t\t\t<\/div>\n\t\t\t\t<div class=\"elementor-element elementor-element-9fc65dd elementor-widget elementor-widget-heading\" data-id=\"9fc65dd\" data-element_type=\"widget\" data-e-type=\"widget\" data-widget_type=\"heading.default\">\n\t\t\t\t<div class=\"elementor-widget-container\">\n\t\t\t\t\t<h4 class=\"elementor-heading-title elementor-size-default\">Outsourcing  Contable<\/h4>\t\t\t\t<\/div>\n\t\t\t\t<\/div>\n\t\t\t\t<div class=\"elementor-element elementor-element-886a630 elementor-widget elementor-widget-text-editor\" data-id=\"886a630\" data-element_type=\"widget\" data-e-type=\"widget\" data-widget_type=\"text-editor.default\">\n\t\t\t\t<div class=\"elementor-widget-container\">\n\t\t\t\t\t\t\t\t\t<ul><li>Asesor\u00eda contable y tributaria<\/li><li>Elaboraci\u00f3n de Estados Financieros<\/li><li>Cumplimiento de obligaciones tributarias<\/li><li>Soporte y asesor\u00eda en fiscalizaciones<\/li><li>Reconstrucci\u00f3n de contabilidad<\/li><li>Planeamiento tributario<\/li><li>Implementaci\u00f3n de libros electr\u00f3nicos<\/li><li>Soporte en implementaci\u00f3n de sistemas contables<\/li><li>Inventarios F\u00edsicos<\/li><li>Servicio de digitalizaci\u00f3n<\/li><li>Implementaci\u00f3n de procesos contables<\/li><\/ul>\t\t\t\t\t\t\t\t<\/div>\n\t\t\t\t<\/div>\n\t\t\t\t<\/div>\n\t\t<div class=\"elementor-element elementor-element-9c24641 e-con-full e-flex e-con e-child\" data-id=\"9c24641\" data-element_type=\"container\" data-e-type=\"container\">\n\t\t\t\t<div class=\"elementor-element elementor-element-7d3985a elementor-widget elementor-widget-image\" data-id=\"7d3985a\" data-element_type=\"widget\" data-e-type=\"widget\" data-widget_type=\"image.default\">\n\t\t\t\t<div class=\"elementor-widget-container\">\n\t\t\t\t\t\t\t\t\t\t\t\t\t\t\t<img decoding=\"async\" width=\"1024\" height=\"872\" src=\"https:\/\/financetax.pe\/home\/wp-content\/uploads\/2024\/03\/Imagen-9-1024x872.png\" class=\"attachment-large size-large wp-image-1545\" alt=\"\" srcset=\"https:\/\/financetax.pe\/home\/wp-content\/uploads\/2024\/03\/Imagen-9-1024x872.png 1024w, https:\/\/financetax.pe\/home\/wp-content\/uploads\/2024\/03\/Imagen-9-300x256.png 300w, https:\/\/financetax.pe\/home\/wp-content\/uploads\/2024\/03\/Imagen-9-768x654.png 768w, https:\/\/financetax.pe\/home\/wp-content\/uploads\/2024\/03\/Imagen-9.png 1093w\" sizes=\"(max-width: 1024px) 100vw, 1024px\" \/>\t\t\t\t\t\t\t\t\t\t\t\t\t\t\t<\/div>\n\t\t\t\t<\/div>\n\t\t\t\t<div class=\"elementor-element elementor-element-55593d6 elementor-widget elementor-widget-heading\" data-id=\"55593d6\" data-element_type=\"widget\" data-e-type=\"widget\" data-widget_type=\"heading.default\">\n\t\t\t\t<div class=\"elementor-widget-container\">\n\t\t\t\t\t<h4 class=\"elementor-heading-title elementor-size-default\">Outsourcing  N\u00f3mina<\/h4>\t\t\t\t<\/div>\n\t\t\t\t<\/div>\n\t\t\t\t<div class=\"elementor-element elementor-element-5bdbc6e elementor-widget elementor-widget-text-editor\" data-id=\"5bdbc6e\" data-element_type=\"widget\" data-e-type=\"widget\" data-widget_type=\"text-editor.default\">\n\t\t\t\t<div class=\"elementor-widget-container\">\n\t\t\t\t\t\t\t\t\t<ul><li>C\u00e1lculo de n\u00f3mina.<\/li><li>Liquidaci\u00f3n de Beneficios Sociales.<\/li><li>Declaraci\u00f3n de AFP.<\/li><li>Declaraci\u00f3n de la planilla y honorarios en PDT PLAME.<\/li><li>Asesor\u00eda y asistencia laboral.<\/li><li>Conciliaci\u00f3n administrativa laboral.<\/li><li>Asesor\u00eda en cumplimiento laboral.<\/li><li>Soporte en fiscalizaciones de SUNAFIL<\/li><\/ul>\t\t\t\t\t\t\t\t<\/div>\n\t\t\t\t<\/div>\n\t\t\t\t<\/div>\n\t\t\t\t<\/div>\n\t\t<div class=\"elementor-element elementor-element-2459345 e-con-full e-flex e-con e-child\" data-id=\"2459345\" data-element_type=\"container\" data-e-type=\"container\">\n\t\t<div class=\"elementor-element elementor-element-94b497d e-con-full e-flex e-con e-child\" data-id=\"94b497d\" data-element_type=\"container\" data-e-type=\"container\">\n\t\t\t\t<div class=\"elementor-element elementor-element-347d0f0 elementor-widget elementor-widget-image\" data-id=\"347d0f0\" data-element_type=\"widget\" data-e-type=\"widget\" data-widget_type=\"image.default\">\n\t\t\t\t<div class=\"elementor-widget-container\">\n\t\t\t\t\t\t\t\t\t\t\t\t\t\t\t<img decoding=\"async\" width=\"1024\" height=\"870\" src=\"https:\/\/financetax.pe\/home\/wp-content\/uploads\/2024\/03\/Imagen-10-1024x870.png\" class=\"attachment-large size-large wp-image-1549\" alt=\"\" srcset=\"https:\/\/financetax.pe\/home\/wp-content\/uploads\/2024\/03\/Imagen-10-1024x870.png 1024w, https:\/\/financetax.pe\/home\/wp-content\/uploads\/2024\/03\/Imagen-10-300x255.png 300w, https:\/\/financetax.pe\/home\/wp-content\/uploads\/2024\/03\/Imagen-10-768x653.png 768w, https:\/\/financetax.pe\/home\/wp-content\/uploads\/2024\/03\/Imagen-10.png 1091w\" sizes=\"(max-width: 1024px) 100vw, 1024px\" \/>\t\t\t\t\t\t\t\t\t\t\t\t\t\t\t<\/div>\n\t\t\t\t<\/div>\n\t\t\t\t<div class=\"elementor-element elementor-element-e733ea8 elementor-widget elementor-widget-heading\" data-id=\"e733ea8\" data-element_type=\"widget\" data-e-type=\"widget\" data-widget_type=\"heading.default\">\n\t\t\t\t<div class=\"elementor-widget-container\">\n\t\t\t\t\t<h4 class=\"elementor-heading-title elementor-size-default\">Servicios  Legales<\/h4>\t\t\t\t<\/div>\n\t\t\t\t<\/div>\n\t\t\t\t<div class=\"elementor-element elementor-element-0c4121b elementor-widget elementor-widget-text-editor\" data-id=\"0c4121b\" data-element_type=\"widget\" data-e-type=\"widget\" data-widget_type=\"text-editor.default\">\n\t\t\t\t<div class=\"elementor-widget-container\">\n\t\t\t\t\t\t\t\t\t<ul><li>An\u00e1lisis legal empresarial<\/li><li>Estructuraci\u00f3n legal y acompa\u00f1amiento financiero<\/li><li>Asesor\u00eda contractual<\/li><li>Representaci\u00f3n Legal<\/li><li>Asesor\u00eda comercial y corporativa<\/li><li>Asesor\u00eda sectorial con las entidades administrativas<\/li><li>Asesor\u00eda en propiedad industrial<\/li><li>Asesor\u00eda en contrataciones con el Estado<\/li><\/ul>\t\t\t\t\t\t\t\t<\/div>\n\t\t\t\t<\/div>\n\t\t\t\t<\/div>\n\t\t<div class=\"elementor-element elementor-element-50dcef3 e-con-full e-flex e-con e-child\" data-id=\"50dcef3\" data-element_type=\"container\" data-e-type=\"container\">\n\t\t\t\t<div class=\"elementor-element elementor-element-9f1da61 elementor-widget elementor-widget-image\" data-id=\"9f1da61\" data-element_type=\"widget\" data-e-type=\"widget\" data-widget_type=\"image.default\">\n\t\t\t\t<div class=\"elementor-widget-container\">\n\t\t\t\t\t\t\t\t\t\t\t\t\t\t\t<img loading=\"lazy\" decoding=\"async\" width=\"1024\" height=\"861\" src=\"https:\/\/financetax.pe\/home\/wp-content\/uploads\/2024\/03\/Imagen-11-1024x861.png\" class=\"attachment-large size-large wp-image-1551\" alt=\"\" srcset=\"https:\/\/financetax.pe\/home\/wp-content\/uploads\/2024\/03\/Imagen-11-1024x861.png 1024w, https:\/\/financetax.pe\/home\/wp-content\/uploads\/2024\/03\/Imagen-11-300x252.png 300w, https:\/\/financetax.pe\/home\/wp-content\/uploads\/2024\/03\/Imagen-11-768x646.png 768w, https:\/\/financetax.pe\/home\/wp-content\/uploads\/2024\/03\/Imagen-11.png 1102w\" sizes=\"(max-width: 1024px) 100vw, 1024px\" \/>\t\t\t\t\t\t\t\t\t\t\t\t\t\t\t<\/div>\n\t\t\t\t<\/div>\n\t\t\t\t<div class=\"elementor-element elementor-element-a0893ad elementor-widget elementor-widget-heading\" data-id=\"a0893ad\" data-element_type=\"widget\" data-e-type=\"widget\" data-widget_type=\"heading.default\">\n\t\t\t\t<div class=\"elementor-widget-container\">\n\t\t\t\t\t<h4 class=\"elementor-heading-title elementor-size-default\">Zona Emprendedor<\/h4>\t\t\t\t<\/div>\n\t\t\t\t<\/div>\n\t\t\t\t<div class=\"elementor-element elementor-element-692f52a elementor-widget elementor-widget-text-editor\" data-id=\"692f52a\" data-element_type=\"widget\" data-e-type=\"widget\" data-widget_type=\"text-editor.default\">\n\t\t\t\t<div class=\"elementor-widget-container\">\n\t\t\t\t\t\t\t\t\t<ul><li>Optimizaci\u00f3n de estructura de financiamiento<\/li><li>Uso de activos en la optimizaci\u00f3n del capital de la empresa<\/li><li>Relacionamiento con financistas tradicionales (bancos) y no tradicionales<\/li><li>Generaci\u00f3n de reportes financieros para toma de decisiones, y tableros de control<\/li><li>Dise\u00f1o del plan financiero de largo plazo acorde al plan estrat\u00e9gico de la empresa<\/li><li>Dise\u00f1o o mejora de los flujos de caja operativos<\/li><\/ul>\t\t\t\t\t\t\t\t<\/div>\n\t\t\t\t<\/div>\n\t\t\t\t<\/div>\n\t\t\t\t<\/div>\n\t\t\t\t<div class=\"elementor-element elementor-element-31504df elementor-align-center elementor-widget elementor-widget-button\" data-id=\"31504df\" data-element_type=\"widget\" data-e-type=\"widget\" data-widget_type=\"button.default\">\n\t\t\t\t<div class=\"elementor-widget-container\">\n\t\t\t\t\t\t\t\t\t<div class=\"elementor-button-wrapper\">\n\t\t\t\t\t<a class=\"elementor-button elementor-button-link elementor-size-sm\" href=\"https:\/\/financetax.pe\/home\/contacto\/\">\n\t\t\t\t\t\t<span class=\"elementor-button-content-wrapper\">\n\t\t\t\t\t\t<span class=\"elementor-button-icon\">\n\t\t\t\t<svg aria-hidden=\"true\" class=\"e-font-icon-svg e-fas-arrow-right\" viewBox=\"0 0 448 512\" xmlns=\"http:\/\/www.w3.org\/2000\/svg\"><path d=\"M190.5 66.9l22.2-22.2c9.4-9.4 24.6-9.4 33.9 0L441 239c9.4 9.4 9.4 24.6 0 33.9L246.6 467.3c-9.4 9.4-24.6 9.4-33.9 0l-22.2-22.2c-9.5-9.5-9.3-25 .4-34.3L311.4 296H24c-13.3 0-24-10.7-24-24v-32c0-13.3 10.7-24 24-24h287.4L190.9 101.2c-9.8-9.3-10-24.8-.4-34.3z\"><\/path><\/svg>\t\t\t<\/span>\n\t\t\t\t\t\t\t\t\t<span class=\"elementor-button-text\">Cont\u00e1ctanos<\/span>\n\t\t\t\t\t<\/span>\n\t\t\t\t\t<\/a>\n\t\t\t\t<\/div>\n\t\t\t\t\t\t\t\t<\/div>\n\t\t\t\t<\/div>\n\t\t\t\t<\/div>\n\t\t\t\t\t<\/div>\n\t\t\t\t<\/div>\n\t\t\t\t<\/div>\n\t\t","protected":false},"excerpt":{"rendered":"<p>Nuestros Servicios Te ayudamos con Outsourcing Contable Asesor\u00eda contable y tributaria Elaboraci\u00f3n de Estados Financieros Cumplimiento de obligaciones tributarias Soporte y asesor\u00eda en fiscalizaciones Reconstrucci\u00f3n de contabilidad Planeamiento tributario Implementaci\u00f3n de libros electr\u00f3nicos Soporte en implementaci\u00f3n de sistemas contables Inventarios F\u00edsicos Servicio de digitalizaci\u00f3n Implementaci\u00f3n de procesos contables Outsourcing N\u00f3mina C\u00e1lculo de n\u00f3mina. Liquidaci\u00f3n de [&hellip;]<\/p>\n","protected":false},"author":2,"featured_media":0,"parent":0,"menu_order":0,"comment_status":"closed","ping_status":"closed","template":"","meta":{"_monsterinsights_skip_tracking":false,"_monsterinsights_sitenote_active":false,"_monsterinsights_sitenote_note":"","_monsterinsights_sitenote_category":0,"site-sidebar-layout":"no-sidebar","site-content-layout":"page-builder","ast-site-content-layout":"full-width-container","site-content-style":"unboxed","site-sidebar-style":"unboxed","ast-global-header-display":"","ast-banner-title-visibility":"","ast-main-header-display":"","ast-hfb-above-header-display":"","ast-hfb-below-header-display":"","ast-hfb-mobile-header-display":"","site-post-title":"disabled","ast-breadcrumbs-content":"","ast-featured-img":"disabled","footer-sml-layout":"","ast-disable-related-posts":"","theme-transparent-header-meta":"enabled","adv-header-id-meta":"","stick-header-meta":"","header-above-stick-meta":"","header-main-stick-meta":"","header-below-stick-meta":"","astra-migrate-meta-layouts":"set","ast-page-background-enabled":"default","ast-page-background-meta":{"desktop":{"background-color":"","background-image":"","background-repeat":"repeat","background-position":"center center","background-size":"auto","background-attachment":"scroll","background-type":"","background-media":"","overlay-type":"","overlay-color":"","overlay-opacity":"","overlay-gradient":""},"tablet":{"background-color":"","background-image":"","background-repeat":"repeat","background-position":"center center","background-size":"auto","background-attachment":"scroll","background-type":"","background-media":"","overlay-type":"","overlay-color":"","overlay-opacity":"","overlay-gradient":""},"mobile":{"background-color":"","background-image":"","background-repeat":"repeat","background-position":"center center","background-size":"auto","background-attachment":"scroll","background-type":"","background-media":"","overlay-type":"","overlay-color":"","overlay-opacity":"","overlay-gradient":""}},"ast-content-background-meta":{"desktop":{"background-color":"var(--ast-global-color-5)","background-image":"","background-repeat":"repeat","background-position":"center center","background-size":"auto","background-attachment":"scroll","background-type":"","background-media":"","overlay-type":"","overlay-color":"","overlay-opacity":"","overlay-gradient":""},"tablet":{"background-color":"var(--ast-global-color-5)","background-image":"","background-repeat":"repeat","background-position":"center center","background-size":"auto","background-attachment":"scroll","background-type":"","background-media":"","overlay-type":"","overlay-color":"","overlay-opacity":"","overlay-gradient":""},"mobile":{"background-color":"var(--ast-global-color-5)","background-image":"","background-repeat":"repeat","background-position":"center center","background-size":"auto","background-attachment":"scroll","background-type":"","background-media":"","overlay-type":"","overlay-color":"","overlay-opacity":"","overlay-gradient":""}},"footnotes":""},"class_list":["post-246","page","type-page","status-publish","hentry"],"rttpg_featured_image_url":null,"rttpg_author":{"display_name":"Cesar Llanos","author_link":"https:\/\/financetax.pe\/home\/author\/c2301807\/"},"rttpg_comment":0,"rttpg_category":null,"rttpg_excerpt":"Nuestros Servicios Te ayudamos con Outsourcing Contable Asesor\u00eda contable y tributaria Elaboraci\u00f3n de Estados Financieros Cumplimiento de obligaciones tributarias Soporte y asesor\u00eda en fiscalizaciones Reconstrucci\u00f3n de contabilidad Planeamiento tributario Implementaci\u00f3n de libros electr\u00f3nicos Soporte en implementaci\u00f3n de sistemas contables Inventarios F\u00edsicos Servicio de digitalizaci\u00f3n Implementaci\u00f3n de procesos contables Outsourcing N\u00f3mina C\u00e1lculo de n\u00f3mina. Liquidaci\u00f3n de&hellip;","_links":{"self":[{"href":"https:\/\/financetax.pe\/home\/wp-json\/wp\/v2\/pages\/246","targetHints":{"allow":["GET"]}}],"collection":[{"href":"https:\/\/financetax.pe\/home\/wp-json\/wp\/v2\/pages"}],"about":[{"href":"https:\/\/financetax.pe\/home\/wp-json\/wp\/v2\/types\/page"}],"author":[{"embeddable":true,"href":"https:\/\/financetax.pe\/home\/wp-json\/wp\/v2\/users\/2"}],"replies":[{"embeddable":true,"href":"https:\/\/financetax.pe\/home\/wp-json\/wp\/v2\/comments?post=246"}],"version-history":[{"count":41,"href":"https:\/\/financetax.pe\/home\/wp-json\/wp\/v2\/pages\/246\/revisions"}],"predecessor-version":[{"id":2024,"href":"https:\/\/financetax.pe\/home\/wp-json\/wp\/v2\/pages\/246\/revisions\/2024"}],"wp:attachment":[{"href":"https:\/\/financetax.pe\/home\/wp-json\/wp\/v2\/media?parent=246"}],"curies":[{"name":"wp","href":"https:\/\/api.w.org\/{rel}","templated":true}]}}